{"id":806,"date":"2026-02-22T17:45:35","date_gmt":"2026-02-22T17:45:35","guid":{"rendered":"https:\/\/burlagegarten.de\/site\/?page_id=806"},"modified":"2026-02-22T17:54:37","modified_gmt":"2026-02-22T17:54:37","slug":"program-21-03-2026","status":"publish","type":"page","link":"https:\/\/burlagegarten.de\/site\/program-21-03-2026\/","title":{"rendered":"Program 21-03-2026"},"content":{"rendered":"\n<p>Das eerste Teleskoptreffen in diesem Jahr bei uns in Burlage findet am 21. Marz statt.<\/p>\n\n\n\n<p>Der Vortrag wird diesmal gehalten von  Dr. Gerhard Drolshagen. <\/p>\n\n\n\n<p>Vortr\u00e4ge \u00fcber Meteore, Feuerkugeln, Meteorite und das Risiko von gr\u00f6\u00dferen Asteroiden<\/p>\n\n\n\n<p>\u2026\u2026Nach diesem zweifellos sehr interessanten Vortrag hoffen wir nat\u00fcrlich auf eine weitere klare Nacht, um mit den mitgebrachten Teleskopen visuelle Beobachtungen durchf\u00fchren zu k\u00f6nnen.<\/p>\n\n\n\n<p>Wir laden hiermit alle herzlich ein, an diesem Treffen teilzunehmen. Vorzugsweise mit Teleskopen, aber auch ohne sind Sie herzlich willkommen. Da die Teilnehmerzahl begrenzt ist, bitten wir um anmeldung im voraus<\/p>\n\n\n\n<p>Interessierte sind ab 18:00 Uhr herzlich willkommen bei uns in Burlage. Wir freuen uns auf bekannte Gesichter und neue Astro-Begeisterte.<\/p>\n","protected":false},"excerpt":{"rendered":"<p>Das eerste Teleskoptreffen in diesem Jahr bei uns in Burlage findet am 21. Marz statt. Der Vortrag wird diesmal gehalten von Dr. Gerhard Drolshagen. Vortr\u00e4ge \u00fcber Meteore, Feuerkugeln, Meteorite und das Risiko von gr\u00f6\u00dferen Asteroiden \u2026\u2026Nach diesem zweifellos sehr interessanten Vortrag hoffen wir nat\u00fcrlich auf eine weitere klare Nacht, um mit den mitgebrachten Teleskopen visuelle Beobachtungen durchf\u00fchren zu k\u00f6nnen. Wir laden hiermit alle herzlich ein, an diesem Treffen teilzunehmen. Vorzugsweise mit Teleskopen, aber auch ohne sind Sie herzlich willkommen. Da die Teilnehmerzahl begrenzt ist, bitten wir um anmeldung im voraus Interessierte sind ab 18:00 Uhr herzlich willkommen bei uns in Burlage. Wir freuen uns auf bekannte Gesichter und neue Astro-Begeisterte.<\/p>\n","protected":false},"author":1,"featured_media":0,"parent":0,"menu_order":0,"comment_status":"closed","ping_status":"closed","template":"page-fullwidth.php","meta":{"ngg_post_thumbnail":0,"footnotes":""},"class_list":["post-806","page","type-page","status-publish","hentry"],"_links":{"self":[{"href":"https:\/\/burlagegarten.de\/site\/wp-json\/wp\/v2\/pages\/806","targetHints":{"allow":["GET"]}}],"collection":[{"href":"https:\/\/burlagegarten.de\/site\/wp-json\/wp\/v2\/pages"}],"about":[{"href":"https:\/\/burlagegarten.de\/site\/wp-json\/wp\/v2\/types\/page"}],"author":[{"embeddable":true,"href":"https:\/\/burlagegarten.de\/site\/wp-json\/wp\/v2\/users\/1"}],"replies":[{"embeddable":true,"href":"https:\/\/burlagegarten.de\/site\/wp-json\/wp\/v2\/comments?post=806"}],"version-history":[{"count":2,"href":"https:\/\/burlagegarten.de\/site\/wp-json\/wp\/v2\/pages\/806\/revisions"}],"predecessor-version":[{"id":809,"href":"https:\/\/burlagegarten.de\/site\/wp-json\/wp\/v2\/pages\/806\/revisions\/809"}],"wp:attachment":[{"href":"https:\/\/burlagegarten.de\/site\/wp-json\/wp\/v2\/media?parent=806"}],"curies":[{"name":"wp","href":"https:\/\/api.w.org\/{rel}","templated":true}]}}