{"id":692,"date":"2025-02-26T22:07:40","date_gmt":"2025-02-26T22:07:40","guid":{"rendered":"https:\/\/burlagegarten.de\/site\/?page_id=692"},"modified":"2025-03-13T10:19:32","modified_gmt":"2025-03-13T10:19:32","slug":"programm","status":"publish","type":"page","link":"https:\/\/burlagegarten.de\/site\/programm\/","title":{"rendered":"Programm 29 M\u00e4rz"},"content":{"rendered":"\n<p>Der Winter ist endlich zu Ende, und es wird schon wieder etwas w\u00e4rmer.<br>M\u00e4rz is nicht mehr weit weg und das bedeutet das am <strong>Sa 29. M\u00e4rz <\/strong>auch das Teleskoptreffen bei uns zuhause<br>wieder stattfindet.<br>Diesmal h\u00e4lt Prof. Dr. Bj\u00f6rn Poppe von der Universit\u00e4t Oldenburg gegen 20.00 Uhr einen Vortrag mit dem Titel:\u201eVom Krankenbett ins Weltall \u2013 Moderne Strahlenphysik zwischen Tumorbehandlung und Sicherheit von Raummissionen\u201c.<\/p>\n\n\n\n<p>\u2026\u2026danach hoffen wir nat\u00fcrlich auf eine sch\u00f6ne klaren Himmel zur beobachtung.<\/p>\n\n\n\n<p><br>Wir laden euch herzlich ein an das Treffen teilzunehmen. Am liebsten mit Teleskop aber es geht<br>auch ohne. Wer gerne zu uns kommen m\u00f6chtet bitten wir um anmeldung im voraus<\/p>\n\n\n\n<p>Wir freuen uns vielen von euch auch dies mal wieder zu sehen.<br><\/p>\n\n\n\n<p>Sonnefinsternis 29 M\u00e4rz (21%) 11.21 u &#8211; 13.05 u<\/p>\n\n\n\n<figure class=\"wp-block-image size-large\"><a href=\"https:\/\/www.timeanddate.com\/eclipse\/globe\/2025-march-29\" target=\"_blank\" rel=\" noreferrer noopener\"><img loading=\"lazy\" decoding=\"async\" width=\"1024\" height=\"471\" src=\"https:\/\/burlagegarten.de\/site\/wp-content\/uploads\/2025\/02\/solareclips29mrt2025-1024x471.jpg\" alt=\"\" class=\"wp-image-693\" srcset=\"https:\/\/burlagegarten.de\/site\/wp-content\/uploads\/2025\/02\/solareclips29mrt2025-1024x471.jpg 1024w, https:\/\/burlagegarten.de\/site\/wp-content\/uploads\/2025\/02\/solareclips29mrt2025-300x138.jpg 300w, https:\/\/burlagegarten.de\/site\/wp-content\/uploads\/2025\/02\/solareclips29mrt2025-768x353.jpg 768w, https:\/\/burlagegarten.de\/site\/wp-content\/uploads\/2025\/02\/solareclips29mrt2025-1536x707.jpg 1536w, https:\/\/burlagegarten.de\/site\/wp-content\/uploads\/2025\/02\/solareclips29mrt2025.jpg 1852w\" sizes=\"auto, (max-width: 1024px) 100vw, 1024px\" \/><\/a><\/figure>\n\n\n\n<p><\/p>\n\n\n\n<figure class=\"wp-block-image size-large\"><img loading=\"lazy\" decoding=\"async\" width=\"1024\" height=\"403\" src=\"https:\/\/burlagegarten.de\/site\/wp-content\/uploads\/2025\/02\/IMG_7434-1024x403.jpeg\" alt=\"\" class=\"wp-image-694\" srcset=\"https:\/\/burlagegarten.de\/site\/wp-content\/uploads\/2025\/02\/IMG_7434-1024x403.jpeg 1024w, https:\/\/burlagegarten.de\/site\/wp-content\/uploads\/2025\/02\/IMG_7434-300x118.jpeg 300w, https:\/\/burlagegarten.de\/site\/wp-content\/uploads\/2025\/02\/IMG_7434-768x302.jpeg 768w, https:\/\/burlagegarten.de\/site\/wp-content\/uploads\/2025\/02\/IMG_7434.jpeg 1170w\" sizes=\"auto, (max-width: 1024px) 100vw, 1024px\" \/><\/figure>\n\n\n\n<p><\/p>\n","protected":false},"excerpt":{"rendered":"<p>Der Winter ist endlich zu Ende, und es wird schon wieder etwas w\u00e4rmer.M\u00e4rz is nicht mehr weit weg und das bedeutet das am Sa 29. M\u00e4rz auch das Teleskoptreffen bei uns zuhausewieder stattfindet.Diesmal h\u00e4lt Prof. Dr. Bj\u00f6rn Poppe von der Universit\u00e4t Oldenburg gegen 20.00 Uhr einen Vortrag mit dem Titel:\u201eVom Krankenbett ins Weltall \u2013 Moderne Strahlenphysik zwischen Tumorbehandlung und Sicherheit von Raummissionen\u201c. \u2026\u2026danach hoffen wir nat\u00fcrlich auf eine sch\u00f6ne klaren Himmel zur beobachtung. Wir laden euch herzlich ein an das Treffen teilzunehmen. Am liebsten mit Teleskop aber es gehtauch ohne. Wer gerne zu uns kommen m\u00f6chtet bitten wir um anmeldung im voraus Wir freuen uns vielen von euch auch dies mal wieder zu sehen. Sonnefinsternis 29 M\u00e4rz (21%) 11.21 u &#8211; 13.05 u<\/p>\n","protected":false},"author":1,"featured_media":0,"parent":0,"menu_order":0,"comment_status":"closed","ping_status":"closed","template":"page-fullwidth.php","meta":{"ngg_post_thumbnail":0,"footnotes":""},"class_list":["post-692","page","type-page","status-publish","hentry"],"_links":{"self":[{"href":"https:\/\/burlagegarten.de\/site\/wp-json\/wp\/v2\/pages\/692","targetHints":{"allow":["GET"]}}],"collection":[{"href":"https:\/\/burlagegarten.de\/site\/wp-json\/wp\/v2\/pages"}],"about":[{"href":"https:\/\/burlagegarten.de\/site\/wp-json\/wp\/v2\/types\/page"}],"author":[{"embeddable":true,"href":"https:\/\/burlagegarten.de\/site\/wp-json\/wp\/v2\/users\/1"}],"replies":[{"embeddable":true,"href":"https:\/\/burlagegarten.de\/site\/wp-json\/wp\/v2\/comments?post=692"}],"version-history":[{"count":8,"href":"https:\/\/burlagegarten.de\/site\/wp-json\/wp\/v2\/pages\/692\/revisions"}],"predecessor-version":[{"id":708,"href":"https:\/\/burlagegarten.de\/site\/wp-json\/wp\/v2\/pages\/692\/revisions\/708"}],"wp:attachment":[{"href":"https:\/\/burlagegarten.de\/site\/wp-json\/wp\/v2\/media?parent=692"}],"curies":[{"name":"wp","href":"https:\/\/api.w.org\/{rel}","templated":true}]}}