{"id":20,"date":"2024-08-13T16:43:24","date_gmt":"2024-08-13T16:43:24","guid":{"rendered":"https:\/\/burlagegarten.de\/site\/?page_id=20"},"modified":"2024-08-26T17:51:19","modified_gmt":"2024-08-26T17:51:19","slug":"teleskoptreffen","status":"publish","type":"page","link":"https:\/\/burlagegarten.de\/site\/teleskoptreffen\/","title":{"rendered":"Teleskoptreffen"},"content":{"rendered":"\n<p>Teleskoptreffen Burlage Garten<br>Zwei Mal im Jahr organisieren wir im Burlage Garten ein Teleskoptreffen.<br>Meistens im April und September. Bei diesen Treffen ist jede(r) Wilkommen der\/die Beo-<br>bachten eines sch\u00f6nen dunklen Sternenhimmels interessiert ist.<br>Max. Anzahl der Besucher\/innen liegt jedoch bei ungef\u00e4hr 20 Personen weil wir es<br>gem\u00fctlich und pers\u00f6nlich halten m\u00f6chten.<\/p>\n\n\n<div class=\"wp-block-image\">\n<figure class=\"aligncenter size-full is-resized\"><img loading=\"lazy\" decoding=\"async\" width=\"350\" height=\"233\" src=\"https:\/\/burlagegarten.de\/site\/wp-content\/uploads\/2024\/08\/foto1.jpg\" alt=\"\" class=\"wp-image-21\" style=\"width:539px;height:auto\" srcset=\"https:\/\/burlagegarten.de\/site\/wp-content\/uploads\/2024\/08\/foto1.jpg 350w, https:\/\/burlagegarten.de\/site\/wp-content\/uploads\/2024\/08\/foto1-300x200.jpg 300w\" sizes=\"auto, (max-width: 350px) 100vw, 350px\" \/><\/figure>\n<\/div>\n\n\n<p> Wir streben danach, ein interessantes Programm zusammenzustellen damit <br><br>es sowohl f\u00fcr (semi) Professionelle als auch f\u00fcr Hobbyastronomen und Laien immer etwas<br>Interessantes zu entdecken gibt. Nat\u00fcrlich ist ein gem\u00fctliches Zusammensein, auch<br>wenn der Himmel einmal nicht klar ist uns ebenfalls sehr wichtig.<br>Das Treffen f\u00e4ngt, mit einem gemeinsamen Essen an wozu Sie herzlich eingeladen sind,<br>jedoch ist Teilnahme nicht verpflichtet. So k\u00f6nnen wir uns unterhalten bzw. wenn jemand<br>zum ersten Mal dabei ist, erst einmal kennenlernen. Das Essen wird von uns immer frisch zubereitet.<br><\/p>\n\n\n<div class=\"wp-block-image\">\n<figure class=\"aligncenter size-full is-resized\"><img loading=\"lazy\" decoding=\"async\" width=\"350\" height=\"233\" src=\"https:\/\/burlagegarten.de\/site\/wp-content\/uploads\/2024\/08\/foto2.jpg\" alt=\"\" class=\"wp-image-22\" style=\"width:500px;height:auto\" srcset=\"https:\/\/burlagegarten.de\/site\/wp-content\/uploads\/2024\/08\/foto2.jpg 350w, https:\/\/burlagegarten.de\/site\/wp-content\/uploads\/2024\/08\/foto2-300x200.jpg 300w\" sizes=\"auto, (max-width: 350px) 100vw, 350px\" \/><\/figure>\n<\/div>\n\n\n<p>Ab etwa 19.00 Uhr f\u00e4ngt das Abendprogramm mit dem Empfang von denjenigen, die nach<br>dem Essen kommen k\u00f6nnen, an. Auch dann gibt es erst einmal die M\u00f6glichkeit zum<br>Kennenlernen und zum Plaudern w\u00e4hrend man Kaffee oder Tee sowie Selbstgebackenen<br>geniessen kann.<br><\/p>\n\n\n\n<p>Ab 19.30 Uhr gibt es in der Regel 2 Pr\u00e4sentationen. Das k\u00f6nnen Vortr\u00e4ge, Video- oder<br>Diapr\u00e4sentationen sein. Rund 21.00 Uhr ist es meistens dunkel genug und bei klarem<br>Himmel kann man durch verschiedenen, von den Teilnehmern mitgebrachten, Teleskope<br>die Sterne und Galaxien beobachten.<br>Wenn wir Gl\u00fcck haben, gibt es auch manchmal besondere Objekte zu observieren, so wie<br>im April 2013, der Komet Pan-starrs.<\/p>\n\n\n<div class=\"wp-block-image\">\n<figure class=\"aligncenter size-full is-resized\"><img loading=\"lazy\" decoding=\"async\" width=\"350\" height=\"231\" src=\"https:\/\/burlagegarten.de\/site\/wp-content\/uploads\/2024\/08\/emiel-panstarrs1.jpg\" alt=\"\" class=\"wp-image-23\" style=\"width:564px;height:auto\" srcset=\"https:\/\/burlagegarten.de\/site\/wp-content\/uploads\/2024\/08\/emiel-panstarrs1.jpg 350w, https:\/\/burlagegarten.de\/site\/wp-content\/uploads\/2024\/08\/emiel-panstarrs1-300x198.jpg 300w\" sizes=\"auto, (max-width: 350px) 100vw, 350px\" \/><\/figure>\n<\/div>\n\n\n<p>Komet Pan-starrs. Foto von Emiel van Kempen<br><\/p>\n\n\n\n<p>Teilnahme<br>Teilnahme ist frei. Der Beitrag ist freiwillig<br>Wir sprechen Niederl\u00e4ndisch, Deutsch und English.<\/p>\n\n\n\n<p>\u00dcbernachtung<br>Es gibt die M\u00f6glichkeit im selbstmitgebrachten Zelt zu \u00fcbernachten. <br><\/p>\n\n\n\n<p>Falls jemand daran interessiert w\u00e4re eine Pr\u00e4sentation zu geben, w\u00fcrden wir uns sehr<br>freuen. Die\/Derjenige, die\/der eine Pr\u00e4sentation geben m\u00f6chte, ist bei der Auswahl<br>des Themas v\u00f6llig frei, Voraussetzung ist nur, dass es sich um Astronomie oder damit<br>zusammenh\u00e4ngend handelt.<\/p>\n\n\n\n<p>F\u00fcr Teilnahme wenden Sie sich bitte zu uns \u00fcber das Kontaktformular.<\/p>\n","protected":false},"excerpt":{"rendered":"<p>Teleskoptreffen Burlage GartenZwei Mal im Jahr organisieren wir im Burlage Garten ein Teleskoptreffen.Meistens im April und September. Bei diesen Treffen ist jede(r) Wilkommen der\/die Beo-bachten eines sch\u00f6nen dunklen Sternenhimmels interessiert ist.Max. Anzahl der Besucher\/innen liegt jedoch bei ungef\u00e4hr 20 Personen weil wir esgem\u00fctlich und pers\u00f6nlich halten m\u00f6chten. Wir streben danach, ein interessantes Programm zusammenzustellen damit es sowohl f\u00fcr (semi) Professionelle als auch f\u00fcr Hobbyastronomen und Laien immer etwasInteressantes zu entdecken gibt. Nat\u00fcrlich ist ein gem\u00fctliches Zusammensein, auchwenn der Himmel einmal nicht klar ist uns ebenfalls sehr wichtig.Das Treffen f\u00e4ngt, mit einem gemeinsamen Essen an wozu Sie herzlich eingeladen sind,jedoch ist Teilnahme nicht verpflichtet. So k\u00f6nnen wir uns unterhalten bzw. wenn jemandzum ersten Mal dabei ist, erst einmal kennenlernen. Das Essen wird von uns immer frisch zubereitet. Ab etwa 19.00 Uhr f\u00e4ngt das Abendprogramm mit dem Empfang von denjenigen, die nachdem Essen kommen k\u00f6nnen, an. Auch dann gibt es erst einmal die M\u00f6glichkeit zumKennenlernen und zum Plaudern w\u00e4hrend man Kaffee oder Tee sowie Selbstgebackenengeniessen kann. Ab 19.30 Uhr gibt es in der Regel 2 Pr\u00e4sentationen. Das k\u00f6nnen Vortr\u00e4ge, Video- oderDiapr\u00e4sentationen sein. Rund 21.00 Uhr ist es meistens dunkel genug und bei klaremHimmel kann man durch verschiedenen, von den Teilnehmern mitgebrachten, Teleskopedie&nbsp;<a href=\"https:\/\/burlagegarten.de\/site\/teleskoptreffen\/\" class=\"read-more\">Continue Reading<\/a><\/p>\n","protected":false},"author":1,"featured_media":0,"parent":0,"menu_order":0,"comment_status":"closed","ping_status":"closed","template":"page-fullwidth.php","meta":{"ngg_post_thumbnail":0,"footnotes":""},"class_list":["post-20","page","type-page","status-publish","hentry"],"_links":{"self":[{"href":"https:\/\/burlagegarten.de\/site\/wp-json\/wp\/v2\/pages\/20","targetHints":{"allow":["GET"]}}],"collection":[{"href":"https:\/\/burlagegarten.de\/site\/wp-json\/wp\/v2\/pages"}],"about":[{"href":"https:\/\/burlagegarten.de\/site\/wp-json\/wp\/v2\/types\/page"}],"author":[{"embeddable":true,"href":"https:\/\/burlagegarten.de\/site\/wp-json\/wp\/v2\/users\/1"}],"replies":[{"embeddable":true,"href":"https:\/\/burlagegarten.de\/site\/wp-json\/wp\/v2\/comments?post=20"}],"version-history":[{"count":2,"href":"https:\/\/burlagegarten.de\/site\/wp-json\/wp\/v2\/pages\/20\/revisions"}],"predecessor-version":[{"id":290,"href":"https:\/\/burlagegarten.de\/site\/wp-json\/wp\/v2\/pages\/20\/revisions\/290"}],"wp:attachment":[{"href":"https:\/\/burlagegarten.de\/site\/wp-json\/wp\/v2\/media?parent=20"}],"curies":[{"name":"wp","href":"https:\/\/api.w.org\/{rel}","templated":true}]}}