{"id":12,"date":"2024-08-13T16:25:56","date_gmt":"2024-08-13T16:25:56","guid":{"rendered":"https:\/\/burlagegarten.de\/site\/?page_id=12"},"modified":"2025-11-12T13:57:43","modified_gmt":"2025-11-12T13:57:43","slug":"home","status":"publish","type":"page","link":"https:\/\/burlagegarten.de\/site\/","title":{"rendered":"Burlagegarten"},"content":{"rendered":"\n<p>Willkommen in Burlage Garten <\/p>\n\n\n<div class=\"wp-block-image\">\n<figure class=\"aligncenter size-full\"><img loading=\"lazy\" decoding=\"async\" width=\"250\" height=\"212\" src=\"https:\/\/burlagegarten.de\/site\/wp-content\/uploads\/2024\/08\/burlagegartenlogo2w-1.jpg\" alt=\"\" class=\"wp-image-38\"\/><\/figure>\n<\/div>\n\n\n<p>SQM Burlage live<\/p>\n\n\n\n<iframe loading=\"lazy\" allowtransparency=\"true\" style=\"background: #FFFFFF;\" \n  id=\"sqm live\"\n  title=\"sqm\"\n  width=\"120\"\n  height=\"60\"\n background-color=\"white\"\n  src=\"https:\/\/www.washetdonker.nl\/live\/last\/last-SQM_Burlage.txt\">\n<\/iframe>\n\n\n\n<p><br>Burlage Garten befindet sich am Rande des Dorfes Burlage.<br>Ein Ort wo sie beim Ankunft ein tiefen Atemzug nehmen und dann alles loslassen.<br>Seit dem Winter in 2008 sind wir aus die Niederlande umgezogen und geniessen bis jetzt von der Garten und die Ruhe. Soviel sch\u00f6nheit wollen wir aber nicht nur f\u00fcr uns behalten. Wir laden Sie herzlich ein an einer unserer Aktivit\u00e4ten teilzunehmen und die gute Atmosph\u00e4re zu erfahren.<\/p>\n\n\n\n<p>Zweimal im Jahr organisieren wir ein Teleskoptreffen im Garten.<br>Dieses Jahr ist das 20 September 2025. Jedes mal wird angefangen mit ein Kaffee und Thee und meistens 2 begeisterte Vortr\u00e4ge. Und nat\u00fcrlich wunschen wir uns einen sch\u00f6nen klaren Himmel f\u00fcr die beobachtigung. F\u00fcr das neue Jahr ist die eerste datum 21 Marz April 2026 und zweite datum 12 september 2026<\/p>\n\n\n\n<p>F\u00fcr die Teilnahme einer unserer Aktivit\u00e4ten informieren Sie sich im entsprechenden Menu.<\/p>\n\n\n\n<p>Ob Sommer, Herbst, Winter oder Fr\u00fchling. Der Garten und seine Bewohner hat seine Reize zu jeder Jahreszeit.<\/p>\n\n\n\n<p>Wir w\u00fcnschen Ihnen einen angenehmen Aufenthalt.<\/p>\n\n\n\n<p>Sylvia C. Ladage &amp; Edwin van Dijk<\/p>\n\n\n\n<p class=\"has-white-color has-text-color has-link-color wp-elements-c645e628e62f8fbab9d9726851472d16\"><\/p>\n\n\n\n<p><\/p>\n","protected":false},"excerpt":{"rendered":"<p>Willkommen in Burlage Garten SQM Burlage live Burlage Garten befindet sich am Rande des Dorfes Burlage.Ein Ort wo sie beim Ankunft ein tiefen Atemzug nehmen und dann alles loslassen.Seit dem Winter in 2008 sind wir aus die Niederlande umgezogen und geniessen bis jetzt von der Garten und die Ruhe. Soviel sch\u00f6nheit wollen wir aber nicht nur f\u00fcr uns behalten. Wir laden Sie herzlich ein an einer unserer Aktivit\u00e4ten teilzunehmen und die gute Atmosph\u00e4re zu erfahren. Zweimal im Jahr organisieren wir ein Teleskoptreffen im Garten.Dieses Jahr ist das 20 September 2025. Jedes mal wird angefangen mit ein Kaffee und Thee und meistens 2 begeisterte Vortr\u00e4ge. Und nat\u00fcrlich wunschen wir uns einen sch\u00f6nen klaren Himmel f\u00fcr die beobachtigung. F\u00fcr das neue Jahr ist die eerste datum 21 Marz April 2026 und zweite datum 12 september 2026 F\u00fcr die Teilnahme einer unserer Aktivit\u00e4ten informieren Sie sich im entsprechenden Menu. Ob Sommer, Herbst, Winter oder Fr\u00fchling. Der Garten und seine Bewohner hat seine Reize zu jeder Jahreszeit. Wir w\u00fcnschen Ihnen einen angenehmen Aufenthalt. Sylvia C. Ladage &amp; Edwin van Dijk<\/p>\n","protected":false},"author":1,"featured_media":0,"parent":0,"menu_order":0,"comment_status":"closed","ping_status":"closed","template":"page-fullwidth.php","meta":{"ngg_post_thumbnail":0,"footnotes":""},"class_list":["post-12","page","type-page","status-publish","hentry"],"_links":{"self":[{"href":"https:\/\/burlagegarten.de\/site\/wp-json\/wp\/v2\/pages\/12","targetHints":{"allow":["GET"]}}],"collection":[{"href":"https:\/\/burlagegarten.de\/site\/wp-json\/wp\/v2\/pages"}],"about":[{"href":"https:\/\/burlagegarten.de\/site\/wp-json\/wp\/v2\/types\/page"}],"author":[{"embeddable":true,"href":"https:\/\/burlagegarten.de\/site\/wp-json\/wp\/v2\/users\/1"}],"replies":[{"embeddable":true,"href":"https:\/\/burlagegarten.de\/site\/wp-json\/wp\/v2\/comments?post=12"}],"version-history":[{"count":13,"href":"https:\/\/burlagegarten.de\/site\/wp-json\/wp\/v2\/pages\/12\/revisions"}],"predecessor-version":[{"id":804,"href":"https:\/\/burlagegarten.de\/site\/wp-json\/wp\/v2\/pages\/12\/revisions\/804"}],"wp:attachment":[{"href":"https:\/\/burlagegarten.de\/site\/wp-json\/wp\/v2\/media?parent=12"}],"curies":[{"name":"wp","href":"https:\/\/api.w.org\/{rel}","templated":true}]}}